{"id":7,"date":"2024-06-20T23:35:25","date_gmt":"2024-06-21T02:35:25","guid":{"rendered":"https:\/\/angloengenharia.com.br\/hotsite\/?page_id=7"},"modified":"2024-06-22T17:30:57","modified_gmt":"2024-06-22T20:30:57","slug":"dadiva-residence","status":"publish","type":"page","link":"http:\/\/angloengenharia.com.br\/hotsite\/","title":{"rendered":"D\u00e1diva Residence"},"content":{"rendered":"","protected":false},"excerpt":{"rendered":"","protected":false},"author":1,"featured_media":0,"parent":0,"menu_order":0,"comment_status":"closed","ping_status":"closed","template":"","meta":{"inline_featured_image":false,"footnotes":""},"class_list":["post-7","page","type-page","status-publish","hentry"],"acf":[],"yoast_head":"<!-- This site is optimized with the Yoast SEO plugin v22.9 - https:\/\/yoast.com\/wordpress\/plugins\/seo\/ -->\n<title>D\u00e1diva Residence - Anglo Engenharia<\/title>\n<meta name=\"description\" content=\"D\u00e1diva Residence - Lazer, Sa\u00fade e Tranquilidade na melhor \u00e1rea do bairro Cidade Nova. Entre em contato e agende uma visita. (31) 3488.5000\" \/>\n<meta name=\"robots\" content=\"index, follow, max-snippet:-1, max-image-preview:large, max-video-preview:-1\" \/>\n<link rel=\"canonical\" href=\"http:\/\/angloengenharia.com.br\/hotsite\/\" \/>\n<meta property=\"og:locale\" content=\"pt_BR\" \/>\n<meta property=\"og:type\" content=\"article\" \/>\n<meta property=\"og:title\" content=\"D\u00e1diva Residence - Anglo Engenharia\" \/>\n<meta property=\"og:description\" content=\"D\u00e1diva Residence - Lazer, Sa\u00fade e Tranquilidade na melhor \u00e1rea do bairro Cidade Nova. Entre em contato e agende uma visita. (31) 3488.5000\" \/>\n<meta property=\"og:url\" content=\"http:\/\/angloengenharia.com.br\/hotsite\/\" \/>\n<meta property=\"og:site_name\" content=\"Anglo Engenharia\" \/>\n<meta property=\"article:modified_time\" content=\"2024-06-22T20:30:57+00:00\" \/>\n<meta name=\"twitter:card\" content=\"summary_large_image\" \/>\n<meta name=\"twitter:label1\" content=\"Est. tempo de leitura\" \/>\n\t<meta name=\"twitter:data1\" content=\"14 minutos\" \/>\n<script type=\"application\/ld+json\" class=\"yoast-schema-graph\">{\"@context\":\"https:\/\/schema.org\",\"@graph\":[{\"@type\":\"WebPage\",\"@id\":\"http:\/\/angloengenharia.com.br\/hotsite\/\",\"url\":\"http:\/\/angloengenharia.com.br\/hotsite\/\",\"name\":\"D\u00e1diva Residence - Anglo Engenharia\",\"isPartOf\":{\"@id\":\"http:\/\/angloengenharia.com.br\/hotsite\/#website\"},\"datePublished\":\"2024-06-21T02:35:25+00:00\",\"dateModified\":\"2024-06-22T20:30:57+00:00\",\"description\":\"D\u00e1diva Residence - Lazer, Sa\u00fade e Tranquilidade na melhor \u00e1rea do bairro Cidade Nova. Entre em contato e agende uma visita. (31) 3488.5000\",\"breadcrumb\":{\"@id\":\"http:\/\/angloengenharia.com.br\/hotsite\/#breadcrumb\"},\"inLanguage\":\"pt-BR\",\"potentialAction\":[{\"@type\":\"ReadAction\",\"target\":[\"http:\/\/angloengenharia.com.br\/hotsite\/\"]}]},{\"@type\":\"BreadcrumbList\",\"@id\":\"http:\/\/angloengenharia.com.br\/hotsite\/#breadcrumb\",\"itemListElement\":[{\"@type\":\"ListItem\",\"position\":1,\"name\":\"In\u00edcio\",\"item\":\"http:\/\/angloengenharia.com.br\/hotsite\/\"},{\"@type\":\"ListItem\",\"position\":2,\"name\":\"D\u00e1diva Residence\"}]},{\"@type\":\"WebSite\",\"@id\":\"http:\/\/angloengenharia.com.br\/hotsite\/#website\",\"url\":\"http:\/\/angloengenharia.com.br\/hotsite\/\",\"name\":\"Anglo Engenharia\",\"description\":\"\",\"potentialAction\":[{\"@type\":\"SearchAction\",\"target\":{\"@type\":\"EntryPoint\",\"urlTemplate\":\"http:\/\/angloengenharia.com.br\/hotsite\/?s={search_term_string}\"},\"query-input\":\"required name=search_term_string\"}],\"inLanguage\":\"pt-BR\"}]}<\/script>\n<!-- \/ Yoast SEO plugin. -->","yoast_head_json":{"title":"D\u00e1diva Residence - Anglo Engenharia","description":"D\u00e1diva Residence - Lazer, Sa\u00fade e Tranquilidade na melhor \u00e1rea do bairro Cidade Nova. Entre em contato e agende uma visita. (31) 3488.5000","robots":{"index":"index","follow":"follow","max-snippet":"max-snippet:-1","max-image-preview":"max-image-preview:large","max-video-preview":"max-video-preview:-1"},"canonical":"http:\/\/angloengenharia.com.br\/hotsite\/","og_locale":"pt_BR","og_type":"article","og_title":"D\u00e1diva Residence - Anglo Engenharia","og_description":"D\u00e1diva Residence - Lazer, Sa\u00fade e Tranquilidade na melhor \u00e1rea do bairro Cidade Nova. Entre em contato e agende uma visita. (31) 3488.5000","og_url":"http:\/\/angloengenharia.com.br\/hotsite\/","og_site_name":"Anglo Engenharia","article_modified_time":"2024-06-22T20:30:57+00:00","twitter_card":"summary_large_image","twitter_misc":{"Est. tempo de leitura":"14 minutos"},"schema":{"@context":"https:\/\/schema.org","@graph":[{"@type":"WebPage","@id":"http:\/\/angloengenharia.com.br\/hotsite\/","url":"http:\/\/angloengenharia.com.br\/hotsite\/","name":"D\u00e1diva Residence - Anglo Engenharia","isPartOf":{"@id":"http:\/\/angloengenharia.com.br\/hotsite\/#website"},"datePublished":"2024-06-21T02:35:25+00:00","dateModified":"2024-06-22T20:30:57+00:00","description":"D\u00e1diva Residence - Lazer, Sa\u00fade e Tranquilidade na melhor \u00e1rea do bairro Cidade Nova. Entre em contato e agende uma visita. (31) 3488.5000","breadcrumb":{"@id":"http:\/\/angloengenharia.com.br\/hotsite\/#breadcrumb"},"inLanguage":"pt-BR","potentialAction":[{"@type":"ReadAction","target":["http:\/\/angloengenharia.com.br\/hotsite\/"]}]},{"@type":"BreadcrumbList","@id":"http:\/\/angloengenharia.com.br\/hotsite\/#breadcrumb","itemListElement":[{"@type":"ListItem","position":1,"name":"In\u00edcio","item":"http:\/\/angloengenharia.com.br\/hotsite\/"},{"@type":"ListItem","position":2,"name":"D\u00e1diva Residence"}]},{"@type":"WebSite","@id":"http:\/\/angloengenharia.com.br\/hotsite\/#website","url":"http:\/\/angloengenharia.com.br\/hotsite\/","name":"Anglo Engenharia","description":"","potentialAction":[{"@type":"SearchAction","target":{"@type":"EntryPoint","urlTemplate":"http:\/\/angloengenharia.com.br\/hotsite\/?s={search_term_string}"},"query-input":"required name=search_term_string"}],"inLanguage":"pt-BR"}]}},"_links":{"self":[{"href":"http:\/\/angloengenharia.com.br\/hotsite\/wp-json\/wp\/v2\/pages\/7","targetHints":{"allow":["GET"]}}],"collection":[{"href":"http:\/\/angloengenharia.com.br\/hotsite\/wp-json\/wp\/v2\/pages"}],"about":[{"href":"http:\/\/angloengenharia.com.br\/hotsite\/wp-json\/wp\/v2\/types\/page"}],"author":[{"embeddable":true,"href":"http:\/\/angloengenharia.com.br\/hotsite\/wp-json\/wp\/v2\/users\/1"}],"replies":[{"embeddable":true,"href":"http:\/\/angloengenharia.com.br\/hotsite\/wp-json\/wp\/v2\/comments?post=7"}],"version-history":[{"count":10,"href":"http:\/\/angloengenharia.com.br\/hotsite\/wp-json\/wp\/v2\/pages\/7\/revisions"}],"predecessor-version":[{"id":123,"href":"http:\/\/angloengenharia.com.br\/hotsite\/wp-json\/wp\/v2\/pages\/7\/revisions\/123"}],"wp:attachment":[{"href":"http:\/\/angloengenharia.com.br\/hotsite\/wp-json\/wp\/v2\/media?parent=7"}],"curies":[{"name":"wp","href":"https:\/\/api.w.org\/{rel}","templated":true}]}}